{"id":2017,"date":"2023-03-14T08:15:51","date_gmt":"2023-03-14T07:15:51","guid":{"rendered":"https:\/\/selectmarbella.es\/?page_id=2017"},"modified":"2023-03-30T13:20:16","modified_gmt":"2023-03-30T11:20:16","slug":"sobre-nosotros","status":"publish","type":"page","link":"https:\/\/selectmarbella.es\/en\/sobre-nosotros\/","title":{"rendered":"About us"},"content":{"rendered":"<div data-elementor-type=\"wp-page\" data-elementor-id=\"2017\" class=\"elementor elementor-2017\">\n\t\t\t\t\t\t<section class=\"elementor-section elementor-top-section elementor-element elementor-element-c2d2fae elementor-section-height-min-height elementor-section-items-top elementor-section-full_width elementor-section-stretched elementor-section-height-default\" data-id=\"c2d2fae\" data-element_type=\"section\" data-settings=\"{&quot;background_background&quot;:&quot;classic&quot;,&quot;stretch_section&quot;:&quot;section-stretched&quot;}\">\n\t\t\t\t\t\t\t<div class=\"elementor-background-overlay\"><\/div>\n\t\t\t\t\t\t\t<div class=\"elementor-container elementor-column-gap-default\">\n\t\t\t\t\t<div class=\"elementor-column elementor-col-50 elementor-top-column elementor-element elementor-element-f715ea2\" data-id=\"f715ea2\" data-element_type=\"column\">\n\t\t\t<div class=\"elementor-widget-wrap elementor-element-populated\">\n\t\t\t\t\t\t<div class=\"elementor-element elementor-element-5e2d8f1 animated-slow elementor-hidden-tablet elementor-hidden-mobile elementor-invisible elementor-widget elementor-widget-image\" data-id=\"5e2d8f1\" data-element_type=\"widget\" data-settings=\"{&quot;_animation&quot;:&quot;fadeInUp&quot;}\" data-widget_type=\"image.default\">\n\t\t\t\t<div class=\"elementor-widget-container\">\n\t\t\t\t\t\t\t\t\t\t\t\t\t<img fetchpriority=\"high\" decoding=\"async\" width=\"800\" height=\"393\" src=\"https:\/\/selectmarbella.es\/wp-content\/uploads\/2023\/03\/selectmarbella-logo-1024x503.webp\" class=\"attachment-large size-large wp-image-2027\" alt=\"\" srcset=\"https:\/\/selectmarbella.es\/wp-content\/uploads\/2023\/03\/selectmarbella-logo-1024x503.webp 1024w, https:\/\/selectmarbella.es\/wp-content\/uploads\/2023\/03\/selectmarbella-logo-300x147.webp 300w, https:\/\/selectmarbella.es\/wp-content\/uploads\/2023\/03\/selectmarbella-logo-768x377.webp 768w, https:\/\/selectmarbella.es\/wp-content\/uploads\/2023\/03\/selectmarbella-logo-1536x755.webp 1536w, https:\/\/selectmarbella.es\/wp-content\/uploads\/2023\/03\/selectmarbella-logo.webp 1734w\" sizes=\"(max-width: 800px) 100vw, 800px\" \/>\t\t\t\t\t\t\t\t\t\t\t\t\t<\/div>\n\t\t\t\t<\/div>\n\t\t\t\t\t<\/div>\n\t\t<\/div>\n\t\t\t\t<div class=\"elementor-column elementor-col-50 elementor-top-column elementor-element elementor-element-7061fbb\" data-id=\"7061fbb\" data-element_type=\"column\">\n\t\t\t<div class=\"elementor-widget-wrap\">\n\t\t\t\t\t\t\t<\/div>\n\t\t<\/div>\n\t\t\t\t\t<\/div>\n\t\t<\/section>\n\t\t\t\t<section class=\"elementor-section elementor-top-section elementor-element elementor-element-2c4e2a0 elementor-section-boxed elementor-section-height-default elementor-section-height-default\" data-id=\"2c4e2a0\" data-element_type=\"section\" data-settings=\"{&quot;background_background&quot;:&quot;gradient&quot;}\">\n\t\t\t\t\t\t\t<div class=\"elementor-background-overlay\"><\/div>\n\t\t\t\t\t\t\t<div class=\"elementor-container elementor-column-gap-default\">\n\t\t\t\t\t<div class=\"elementor-column elementor-col-100 elementor-top-column elementor-element elementor-element-d05f50e\" data-id=\"d05f50e\" data-element_type=\"column\">\n\t\t\t<div class=\"elementor-widget-wrap elementor-element-populated\">\n\t\t\t\t\t\t<div class=\"elementor-element elementor-element-7dad370 elementor-widget elementor-widget-heading\" data-id=\"7dad370\" data-element_type=\"widget\" data-widget_type=\"heading.default\">\n\t\t\t\t<div class=\"elementor-widget-container\">\n\t\t\t<h2 class=\"elementor-heading-title elementor-size-medium\"><b>Select<\/b> Marbella <b>...<\/b><\/h2>\t\t<\/div>\n\t\t\t\t<\/div>\n\t\t\t\t<div class=\"elementor-element elementor-element-1544017 elementor-widget elementor-widget-text-editor\" data-id=\"1544017\" data-element_type=\"widget\" data-widget_type=\"text-editor.default\">\n\t\t\t\t<div class=\"elementor-widget-container\">\n\t\t\t\t\t\t\t<p>Tu lugar <strong>de distracci\u00f3n<\/strong> en el centro <strong>de la ciudad<\/strong><\/p>\t\t\t\t\t\t<\/div>\n\t\t\t\t<\/div>\n\t\t\t\t<div class=\"elementor-element elementor-element-d319c17 elementor-widget elementor-widget-text-editor\" data-id=\"d319c17\" data-element_type=\"widget\" data-widget_type=\"text-editor.default\">\n\t\t\t\t<div class=\"elementor-widget-container\">\n\t\t\t\t\t\t\t<p>Bienvenido<\/p>\t\t\t\t\t\t<\/div>\n\t\t\t\t<\/div>\n\t\t\t\t<div class=\"elementor-element elementor-element-216b952 elementor-widget elementor-widget-text-editor\" data-id=\"216b952\" data-element_type=\"widget\" data-widget_type=\"text-editor.default\">\n\t\t\t\t<div class=\"elementor-widget-container\">\n\t\t\t\t\t\t\t<div class=\"wnd-align-justify\"><p class=\"wnd-align-justify\">Pongase comodo. Si ha llegado hasta aqu\u00ed es porque quiere disfrutar de la mano de las m\u00e1s bellas y atractivas se\u00f1oritas de compa\u00f1\u00eda de Marbella. Select Marbella es una de las agencias m\u00e1s conocidas y mejor valorada por sus clientes de la cuidad de Marbella.<\/p><p class=\"wnd-align-justify\">Rubias, morenas, pelirrojas. De ojos azules, marrones. Altas o m\u00e1s manejables. As\u00ed son las se\u00f1oritas de nuestra agencia, ideales para cualquier gusto y con una inmensa variedad de servicios er\u00f3ticos tambi\u00e9n para elegir aquella con la que deseas que la pasi\u00f3n se desate hasta donde t\u00fa quieras.<\/p><p class=\"wnd-align-justify\">Si es en la intimidad de tu domicilio, donde quieres tener una cita, ellas acudir\u00e1n a tu casa para un encuentro ideal. Pero si lo que deseas es que acudan a tu hotel, la se\u00f1orita estar\u00e1 puntualmente a la hora que desees. \u00a1En cualquier zona de Marbella!<\/p><p class=\"wnd-align-justify\">Queremos hacer realidad sus sue\u00f1os er\u00f3ticos<\/p><p class=\"wnd-align-justify\">La mejor forma de acabar uno de estos encuentros es con el sexo m\u00e1s er\u00f3tico, que se adaptar\u00e1 con todos sus deseos y fantas\u00edas. \u00bfA quien no le gusta un final feliz con un franc\u00e9s completo o el mejor sexo anal? Ahora solo tiene que pensar que es lo que m\u00e1s desea, y llamarnos para cont\u00e1rnoslo. Nosotros nos encargaremos de hacerle feliz.<\/p><p>Belleza, discreci\u00f3n, cultura, saber estar, profesionalidad, erotismo\u2026. son solo algunas palabras que describen a nuestras chicas. Quien las conoce repite.<\/p><\/div>\t\t\t\t\t\t<\/div>\n\t\t\t\t<\/div>\n\t\t\t\t\t<\/div>\n\t\t<\/div>\n\t\t\t\t\t<\/div>\n\t\t<\/section>\n\t\t\t\t<section class=\"elementor-section elementor-top-section elementor-element elementor-element-8a9ec13 elementor-section-boxed elementor-section-height-default elementor-section-height-default\" data-id=\"8a9ec13\" data-element_type=\"section\" data-settings=\"{&quot;background_background&quot;:&quot;classic&quot;}\">\n\t\t\t\t\t\t\t<div class=\"elementor-background-overlay\"><\/div>\n\t\t\t\t\t\t\t<div class=\"elementor-container elementor-column-gap-default\">\n\t\t\t\t\t<div class=\"elementor-column elementor-col-100 elementor-top-column elementor-element elementor-element-014f5c2\" data-id=\"014f5c2\" data-element_type=\"column\">\n\t\t\t<div class=\"elementor-widget-wrap elementor-element-populated\">\n\t\t\t\t\t\t<div class=\"elementor-element elementor-element-bfe71b3 elementor-widget elementor-widget-text-editor\" data-id=\"bfe71b3\" data-element_type=\"widget\" data-widget_type=\"text-editor.default\">\n\t\t\t\t<div class=\"elementor-widget-container\">\n\t\t\t\t\t\t\t<p>Un lugar para relajarte<\/p>\t\t\t\t\t\t<\/div>\n\t\t\t\t<\/div>\n\t\t\t\t<div class=\"elementor-element elementor-element-737fcbf elementor-widget elementor-widget-text-editor\" data-id=\"737fcbf\" data-element_type=\"widget\" data-widget_type=\"text-editor.default\">\n\t\t\t\t<div class=\"elementor-widget-container\">\n\t\t\t\t\t\t\t<div class=\"wnd-align-justify\"><div class=\"b b-text cf\"><div class=\"b-c b-text-c b-s b-s-t60 b-s-b60 b-cs cf\"><p class=\"wnd-align-justify\">Desde Select Marbella te invitamos a visitar nuestro espacio exclusivo y discreto. Un lugar confortable con una excelente decoracion donde hemos prestado mucha atencion a cada detalle para ofrecer las m\u00e1ximas condiciones de confort y privacidad consiguiendo un espacio \u00fanico con una inmejorable situaci\u00f3n en Marbella.<\/p><\/div><\/div><\/div>\t\t\t\t\t\t<\/div>\n\t\t\t\t<\/div>\n\t\t\t\t\t<\/div>\n\t\t<\/div>\n\t\t\t\t\t<\/div>\n\t\t<\/section>\n\t\t\t\t<section class=\"elementor-section elementor-top-section elementor-element elementor-element-01326b0 elementor-section-boxed elementor-section-height-default elementor-section-height-default\" data-id=\"01326b0\" data-element_type=\"section\" data-settings=\"{&quot;background_background&quot;:&quot;gradient&quot;}\">\n\t\t\t\t\t\t\t<div class=\"elementor-background-overlay\"><\/div>\n\t\t\t\t\t\t\t<div class=\"elementor-container elementor-column-gap-default\">\n\t\t\t\t\t<div class=\"elementor-column elementor-col-100 elementor-top-column elementor-element elementor-element-a5214f0\" data-id=\"a5214f0\" data-element_type=\"column\">\n\t\t\t<div class=\"elementor-widget-wrap elementor-element-populated\">\n\t\t\t\t\t\t<div class=\"elementor-element elementor-element-2e0385d elementor-widget elementor-widget-text-editor\" data-id=\"2e0385d\" data-element_type=\"widget\" data-widget_type=\"text-editor.default\">\n\t\t\t\t<div class=\"elementor-widget-container\">\n\t\t\t\t\t\t\t<h1><span class=\"wnd-font-size-70\">Confortable y privado<\/span><\/h1>\t\t\t\t\t\t<\/div>\n\t\t\t\t<\/div>\n\t\t\t\t<div class=\"elementor-element elementor-element-37cd3df gallery-spacing-custom animated-slow elementor-invisible elementor-widget elementor-widget-image-gallery\" data-id=\"37cd3df\" data-element_type=\"widget\" data-settings=\"{&quot;_animation&quot;:&quot;zoomIn&quot;}\" data-widget_type=\"image-gallery.default\">\n\t\t\t\t<div class=\"elementor-widget-container\">\n\t\t\t\t\t<div class=\"elementor-image-gallery\">\n\t\t\t<div id='gallery-1' class='gallery galleryid-2017 gallery-columns-4 gallery-size-full'><figure class='gallery-item'>\n\t\t\t<div class='gallery-icon landscape'>\n\t\t\t\t<a data-elementor-open-lightbox=\"yes\" data-elementor-lightbox-slideshow=\"37cd3df\" data-elementor-lightbox-title=\"casa-4\" data-e-action-hash=\"#elementor-action%3Aaction%3Dlightbox%26settings%3DeyJpZCI6Mjk2MiwidXJsIjoiaHR0cHM6XC9cL3NlbGVjdG1hcmJlbGxhLmVzXC93cC1jb250ZW50XC91cGxvYWRzXC8yMDIzXC8wM1wvY2FzYS00LmpwZyIsInNsaWRlc2hvdyI6IjM3Y2QzZGYifQ%3D%3D\" href='https:\/\/selectmarbella.es\/wp-content\/uploads\/2023\/03\/casa-4.jpg'><img decoding=\"async\" width=\"1080\" height=\"569\" src=\"https:\/\/selectmarbella.es\/wp-content\/uploads\/2023\/03\/casa-4.jpg\" class=\"attachment-full size-full\" alt=\"\" srcset=\"https:\/\/selectmarbella.es\/wp-content\/uploads\/2023\/03\/casa-4.jpg 1080w, https:\/\/selectmarbella.es\/wp-content\/uploads\/2023\/03\/casa-4-300x158.jpg 300w, https:\/\/selectmarbella.es\/wp-content\/uploads\/2023\/03\/casa-4-1024x539.jpg 1024w, https:\/\/selectmarbella.es\/wp-content\/uploads\/2023\/03\/casa-4-768x405.jpg 768w\" sizes=\"(max-width: 1080px) 100vw, 1080px\" \/><\/a>\n\t\t\t<\/div><\/figure><figure class='gallery-item'>\n\t\t\t<div class='gallery-icon landscape'>\n\t\t\t\t<a data-elementor-open-lightbox=\"yes\" data-elementor-lightbox-slideshow=\"37cd3df\" data-elementor-lightbox-title=\"casa-3\" data-e-action-hash=\"#elementor-action%3Aaction%3Dlightbox%26settings%3DeyJpZCI6Mjk2OCwidXJsIjoiaHR0cHM6XC9cL3NlbGVjdG1hcmJlbGxhLmVzXC93cC1jb250ZW50XC91cGxvYWRzXC8yMDIzXC8wM1wvY2FzYS0zLTEuanBnIiwic2xpZGVzaG93IjoiMzdjZDNkZiJ9\" href='https:\/\/selectmarbella.es\/wp-content\/uploads\/2023\/03\/casa-3-1.jpg'><img decoding=\"async\" width=\"1080\" height=\"606\" src=\"https:\/\/selectmarbella.es\/wp-content\/uploads\/2023\/03\/casa-3-1.jpg\" class=\"attachment-full size-full\" alt=\"\" srcset=\"https:\/\/selectmarbella.es\/wp-content\/uploads\/2023\/03\/casa-3-1.jpg 1080w, https:\/\/selectmarbella.es\/wp-content\/uploads\/2023\/03\/casa-3-1-300x168.jpg 300w, https:\/\/selectmarbella.es\/wp-content\/uploads\/2023\/03\/casa-3-1-1024x575.jpg 1024w, https:\/\/selectmarbella.es\/wp-content\/uploads\/2023\/03\/casa-3-1-768x431.jpg 768w\" sizes=\"(max-width: 1080px) 100vw, 1080px\" \/><\/a>\n\t\t\t<\/div><\/figure><figure class='gallery-item'>\n\t\t\t<div class='gallery-icon landscape'>\n\t\t\t\t<a data-elementor-open-lightbox=\"yes\" data-elementor-lightbox-slideshow=\"37cd3df\" data-elementor-lightbox-title=\"casa-1\" data-e-action-hash=\"#elementor-action%3Aaction%3Dlightbox%26settings%3DeyJpZCI6Mjk2NSwidXJsIjoiaHR0cHM6XC9cL3NlbGVjdG1hcmJlbGxhLmVzXC93cC1jb250ZW50XC91cGxvYWRzXC8yMDIzXC8wM1wvY2FzYS0xLmpwZyIsInNsaWRlc2hvdyI6IjM3Y2QzZGYifQ%3D%3D\" href='https:\/\/selectmarbella.es\/wp-content\/uploads\/2023\/03\/casa-1.jpg'><img loading=\"lazy\" decoding=\"async\" width=\"1080\" height=\"564\" src=\"https:\/\/selectmarbella.es\/wp-content\/uploads\/2023\/03\/casa-1.jpg\" class=\"attachment-full size-full\" alt=\"\" srcset=\"https:\/\/selectmarbella.es\/wp-content\/uploads\/2023\/03\/casa-1.jpg 1080w, https:\/\/selectmarbella.es\/wp-content\/uploads\/2023\/03\/casa-1-300x157.jpg 300w, https:\/\/selectmarbella.es\/wp-content\/uploads\/2023\/03\/casa-1-1024x535.jpg 1024w, https:\/\/selectmarbella.es\/wp-content\/uploads\/2023\/03\/casa-1-768x401.jpg 768w\" sizes=\"(max-width: 1080px) 100vw, 1080px\" \/><\/a>\n\t\t\t<\/div><\/figure><figure class='gallery-item'>\n\t\t\t<div class='gallery-icon landscape'>\n\t\t\t\t<a data-elementor-open-lightbox=\"yes\" data-elementor-lightbox-slideshow=\"37cd3df\" data-elementor-lightbox-title=\"casa-2\" data-e-action-hash=\"#elementor-action%3Aaction%3Dlightbox%26settings%3DeyJpZCI6Mjk2NCwidXJsIjoiaHR0cHM6XC9cL3NlbGVjdG1hcmJlbGxhLmVzXC93cC1jb250ZW50XC91cGxvYWRzXC8yMDIzXC8wM1wvY2FzYS0yLmpwZyIsInNsaWRlc2hvdyI6IjM3Y2QzZGYifQ%3D%3D\" href='https:\/\/selectmarbella.es\/wp-content\/uploads\/2023\/03\/casa-2.jpg'><img loading=\"lazy\" decoding=\"async\" width=\"1080\" height=\"597\" src=\"https:\/\/selectmarbella.es\/wp-content\/uploads\/2023\/03\/casa-2.jpg\" class=\"attachment-full size-full\" alt=\"\" srcset=\"https:\/\/selectmarbella.es\/wp-content\/uploads\/2023\/03\/casa-2.jpg 1080w, https:\/\/selectmarbella.es\/wp-content\/uploads\/2023\/03\/casa-2-300x166.jpg 300w, https:\/\/selectmarbella.es\/wp-content\/uploads\/2023\/03\/casa-2-1024x566.jpg 1024w, https:\/\/selectmarbella.es\/wp-content\/uploads\/2023\/03\/casa-2-768x425.jpg 768w\" sizes=\"(max-width: 1080px) 100vw, 1080px\" \/><\/a>\n\t\t\t<\/div><\/figure>\n\t\t<\/div>\n\t\t<\/div>\n\t\t\t\t<\/div>\n\t\t\t\t<\/div>\n\t\t\t\t\t<\/div>\n\t\t<\/div>\n\t\t\t\t\t<\/div>\n\t\t<\/section>\n\t\t\t\t<\/div>","protected":false},"excerpt":{"rendered":"<p>Select Marbella &#8230; Tu lugar de distracci\u00f3n en el centro de la ciudad Bienvenido Pongase comodo. Si ha llegado hasta aqu\u00ed es porque quiere disfrutar de la mano de las m\u00e1s bellas y atractivas se\u00f1oritas de compa\u00f1\u00eda de Marbella. Select Marbella es una de las agencias m\u00e1s conocidas y mejor valorada por sus clientes de [&hellip;]<\/p>\n<div class=\"pvc_clear\"><\/div>\n<p id=\"pvc_stats_2017\" class=\"pvc_stats total_only\" data-element-id=\"2017\" style=\"\"><i class=\"pvc-stats-icon medium\" aria-hidden=\"true\"><svg xmlns=\"http:\/\/www.w3.org\/2000\/svg\" version=\"1.0\" viewbox=\"0 0 502 315\" preserveaspectratio=\"xMidYMid meet\"><g transform=\"translate(0,332) scale(0.1,-0.1)\" fill=\"\" stroke=\"none\"><path d=\"M2394 3279 l-29 -30 -3 -207 c-2 -182 0 -211 15 -242 39 -76 157 -76 196 0 15 31 17 60 15 243 l-3 209 -33 29 c-26 23 -41 29 -80 29 -41 0 -53 -5 -78 -31z\"\/><path d=\"M3085 3251 c-45 -19 -58 -50 -96 -229 -47 -217 -49 -260 -13 -295 52 -53 146 -42 177 20 16 31 87 366 87 410 0 70 -86 122 -155 94z\"\/><path d=\"M1751 3234 c-13 -9 -29 -31 -37 -50 -12 -29 -10 -49 21 -204 19 -94 39 -189 45 -210 14 -50 54 -80 110 -80 34 0 48 6 76 34 21 21 34 44 34 59 0 14 -18 113 -40 219 -37 178 -43 195 -70 221 -36 32 -101 37 -139 11z\"\/><path d=\"M1163 3073 c-36 -7 -73 -59 -73 -102 0 -56 133 -378 171 -413 34 -32 83 -37 129 -13 70 36 67 87 -16 290 -86 209 -89 214 -129 231 -35 14 -42 15 -82 7z\"\/><path d=\"M3689 3066 c-15 -9 -33 -30 -42 -48 -48 -103 -147 -355 -147 -375 0 -98 131 -148 192 -74 13 15 57 108 97 206 80 196 84 226 37 273 -30 30 -99 39 -137 18z\"\/><path d=\"M583 2784 c-38 -19 -67 -74 -58 -113 9 -42 211 -354 242 -373 16 -10 45 -18 66 -18 51 0 107 52 107 100 0 39 -1 41 -124 234 -80 126 -108 162 -133 173 -41 17 -61 16 -100 -3z\"\/><path d=\"M4250 2784 c-14 -9 -74 -91 -133 -183 -95 -150 -107 -173 -107 -213 0 -55 33 -94 87 -104 67 -13 90 8 211 198 130 202 137 225 78 284 -27 27 -42 34 -72 34 -22 0 -50 -8 -64 -16z\"\/><path d=\"M2275 2693 c-553 -48 -1095 -270 -1585 -649 -135 -104 -459 -423 -483 -476 -23 -49 -22 -139 2 -186 73 -142 361 -457 571 -626 285 -228 642 -407 990 -497 242 -63 336 -73 660 -74 310 0 370 5 595 52 535 111 1045 392 1455 803 122 121 250 273 275 326 19 41 19 137 0 174 -41 79 -309 363 -465 492 -447 370 -946 591 -1479 653 -113 14 -422 18 -536 8z m395 -428 c171 -34 330 -124 456 -258 112 -119 167 -219 211 -378 27 -96 24 -300 -5 -401 -72 -255 -236 -447 -474 -557 -132 -62 -201 -76 -368 -76 -167 0 -236 14 -368 76 -213 98 -373 271 -451 485 -162 444 86 934 547 1084 153 49 292 57 452 25z m909 -232 c222 -123 408 -262 593 -441 76 -74 138 -139 138 -144 0 -16 -233 -242 -330 -319 -155 -123 -309 -223 -461 -299 l-81 -41 32 46 c18 26 49 83 70 128 143 306 141 649 -6 957 -25 52 -61 116 -79 142 l-34 47 45 -20 c26 -10 76 -36 113 -56z m-2057 25 c-40 -58 -105 -190 -130 -263 -110 -324 -59 -707 132 -981 25 -35 42 -64 37 -64 -19 0 -241 119 -326 174 -188 122 -406 314 -532 468 l-58 71 108 103 c185 178 428 349 672 473 66 33 121 60 123 61 2 0 -10 -19 -26 -42z\"\/><path d=\"M2375 1950 c-198 -44 -350 -190 -395 -379 -18 -76 -8 -221 19 -290 114 -284 457 -406 731 -260 98 52 188 154 231 260 27 69 37 214 19 290 -38 163 -166 304 -326 360 -67 23 -215 33 -279 19z\"\/><\/g><\/svg><\/i> <img loading=\"lazy\" decoding=\"async\" width=\"16\" height=\"16\" alt=\"Loading\" src=\"https:\/\/selectmarbella.es\/wp-content\/plugins\/page-views-count\/ajax-loader-2x.gif\" border=\"0\" \/><\/p>\n<div class=\"pvc_clear\"><\/div>","protected":false},"author":2,"featured_media":0,"parent":0,"menu_order":0,"comment_status":"closed","ping_status":"closed","template":"elementor_canvas","meta":{"_uag_custom_page_level_css":"","footnotes":""},"class_list":["post-2017","page","type-page","status-publish","hentry"],"uagb_featured_image_src":{"full":false,"thumbnail":false,"medium":false,"medium_large":false,"large":false,"1536x1536":false,"2048x2048":false,"trp-custom-language-flag":false},"uagb_author_info":{"display_name":"Gerova","author_link":false},"uagb_comment_info":0,"uagb_excerpt":"Select Marbella &#8230; Tu lugar de distracci\u00f3n en el centro de la ciudad Bienvenido Pongase comodo. Si ha llegado hasta aqu\u00ed es porque quiere disfrutar de la mano de las m\u00e1s bellas y atractivas se\u00f1oritas de compa\u00f1\u00eda de Marbella. Select Marbella es una de las agencias m\u00e1s conocidas y mejor valorada por sus clientes de&hellip;","_links":{"self":[{"href":"https:\/\/selectmarbella.es\/en\/wp-json\/wp\/v2\/pages\/2017","targetHints":{"allow":["GET"]}}],"collection":[{"href":"https:\/\/selectmarbella.es\/en\/wp-json\/wp\/v2\/pages"}],"about":[{"href":"https:\/\/selectmarbella.es\/en\/wp-json\/wp\/v2\/types\/page"}],"author":[{"embeddable":true,"href":"https:\/\/selectmarbella.es\/en\/wp-json\/wp\/v2\/users\/2"}],"replies":[{"embeddable":true,"href":"https:\/\/selectmarbella.es\/en\/wp-json\/wp\/v2\/comments?post=2017"}],"version-history":[{"count":181,"href":"https:\/\/selectmarbella.es\/en\/wp-json\/wp\/v2\/pages\/2017\/revisions"}],"predecessor-version":[{"id":3200,"href":"https:\/\/selectmarbella.es\/en\/wp-json\/wp\/v2\/pages\/2017\/revisions\/3200"}],"wp:attachment":[{"href":"https:\/\/selectmarbella.es\/en\/wp-json\/wp\/v2\/media?parent=2017"}],"curies":[{"name":"wp","href":"https:\/\/api.w.org\/{rel}","templated":true}]}}